{"id":47,"date":"2022-12-27T14:47:28","date_gmt":"2022-12-27T14:47:28","guid":{"rendered":"https:\/\/www.collegetroisvallees.be\/alixleclerc\/?page_id=47"},"modified":"2025-02-07T13:42:58","modified_gmt":"2025-02-07T13:42:58","slug":"agenda","status":"publish","type":"page","link":"https:\/\/www.collegetroisvallees.be\/alixleclerc\/agenda\/","title":{"rendered":"Agenda"},"content":{"rendered":"\t\t<div data-elementor-type=\"wp-page\" data-elementor-id=\"47\" class=\"elementor elementor-47\">\n\t\t\t\t\t\t<section class=\"elementor-section elementor-top-section elementor-element elementor-element-5d114cb1 elementor-section-boxed elementor-section-height-default elementor-section-height-default\" data-id=\"5d114cb1\" data-element_type=\"section\" data-e-type=\"section\">\n\t\t\t\t\t\t<div class=\"elementor-container elementor-column-gap-default\">\n\t\t\t\t\t<div class=\"elementor-column elementor-col-100 elementor-top-column elementor-element elementor-element-27f48f47\" data-id=\"27f48f47\" data-element_type=\"column\" data-e-type=\"column\">\n\t\t\t<div class=\"elementor-widget-wrap elementor-element-populated\">\n\t\t\t\t\t\t<div class=\"elementor-element elementor-element-14cb5889 elementor-widget elementor-widget-spacer\" data-id=\"14cb5889\" data-element_type=\"widget\" data-e-type=\"widget\" data-widget_type=\"spacer.default\">\n\t\t\t\t<div class=\"elementor-widget-container\">\n\t\t\t\t\t\t\t<div class=\"elementor-spacer\">\n\t\t\t<div class=\"elementor-spacer-inner\"><\/div>\n\t\t<\/div>\n\t\t\t\t\t\t<\/div>\n\t\t\t\t<\/div>\n\t\t\t\t\t<\/div>\n\t\t<\/div>\n\t\t\t\t\t<\/div>\n\t\t<\/section>\n\t\t\t\t<section class=\"elementor-section elementor-top-section elementor-element elementor-element-e5a273a elementor-section-boxed elementor-section-height-default elementor-section-height-default\" data-id=\"e5a273a\" data-element_type=\"section\" data-e-type=\"section\" data-settings=\"{&quot;background_background&quot;:&quot;classic&quot;}\">\n\t\t\t\t\t\t\t<div class=\"elementor-background-overlay\"><\/div>\n\t\t\t\t\t\t\t<div class=\"elementor-container elementor-column-gap-default\">\n\t\t\t\t\t<div class=\"elementor-column elementor-col-100 elementor-top-column elementor-element elementor-element-bcecb50\" data-id=\"bcecb50\" data-element_type=\"column\" data-e-type=\"column\">\n\t\t\t<div class=\"elementor-widget-wrap elementor-element-populated\">\n\t\t\t\t\t\t<section class=\"elementor-section elementor-inner-section elementor-element elementor-element-3188b5c elementor-section-boxed elementor-section-height-default elementor-section-height-default\" data-id=\"3188b5c\" data-element_type=\"section\" data-e-type=\"section\">\n\t\t\t\t\t\t<div class=\"elementor-container elementor-column-gap-default\">\n\t\t\t\t\t<div class=\"elementor-column elementor-col-100 elementor-inner-column elementor-element elementor-element-efb8882\" data-id=\"efb8882\" data-element_type=\"column\" data-e-type=\"column\">\n\t\t\t<div class=\"elementor-widget-wrap elementor-element-populated\">\n\t\t\t\t\t\t<div class=\"elementor-element elementor-element-5b60086 elementor-invisible elementor-widget elementor-widget-heading\" data-id=\"5b60086\" data-element_type=\"widget\" data-e-type=\"widget\" data-settings=\"{&quot;_animation&quot;:&quot;fadeIn&quot;}\" data-widget_type=\"heading.default\">\n\t\t\t\t<div class=\"elementor-widget-container\">\n\t\t\t\t\t<h1 class=\"elementor-heading-title elementor-size-default\">Agenda<\/h1>\t\t\t\t<\/div>\n\t\t\t\t<\/div>\n\t\t\t\t<div class=\"elementor-element elementor-element-eddd459 elementor-widget elementor-widget-text-editor\" data-id=\"eddd459\" data-element_type=\"widget\" data-e-type=\"widget\" data-widget_type=\"text-editor.default\">\n\t\t\t\t<div class=\"elementor-widget-container\">\n\t\t\t\t\t\t\t\t\t<p>Vous trouverez ci-dessous les activit\u00e9s organis\u00e9es tout au long de l&rsquo;ann\u00e9e, ainsi que les p\u00e9riodes de cong\u00e9s scolaires. Le calendrier est r\u00e9guli\u00e8rement mis \u00e0 jour.<\/p>\t\t\t\t\t\t\t\t<\/div>\n\t\t\t\t<\/div>\n\t\t\t\t\t<\/div>\n\t\t<\/div>\n\t\t\t\t\t<\/div>\n\t\t<\/section>\n\t\t\t\t<section class=\"elementor-section elementor-inner-section elementor-element elementor-element-68d58b5 elementor-section-boxed elementor-section-height-default elementor-section-height-default\" data-id=\"68d58b5\" data-element_type=\"section\" data-e-type=\"section\">\n\t\t\t\t\t\t<div class=\"elementor-container elementor-column-gap-default\">\n\t\t\t\t\t<div class=\"elementor-column elementor-col-100 elementor-inner-column elementor-element elementor-element-bcc2de7\" data-id=\"bcc2de7\" data-element_type=\"column\" data-e-type=\"column\" data-settings=\"{&quot;background_background&quot;:&quot;classic&quot;}\">\n\t\t\t<div class=\"elementor-widget-wrap elementor-element-populated\">\n\t\t\t\t\t\t<div class=\"elementor-element elementor-element-f0d428f elementor-widget elementor-widget-html\" data-id=\"f0d428f\" data-element_type=\"widget\" data-e-type=\"widget\" data-widget_type=\"html.default\">\n\t\t\t\t<div class=\"elementor-widget-container\">\n\t\t\t\t\t<iframe src=\"https:\/\/outlook.office365.com\/owa\/calendar\/b45a11284efa4ca4981c647480b3671c@cnd3v.be\/e611a1174ce54602b7fc8bd5a905e94715223237387886363626\/calendar.html\" style=\"border: 0\" width=\"1200\" height=\"1000\" frameborder=\"0\" scrolling=\"no\"><\/iframe>\t\t\t\t<\/div>\n\t\t\t\t<\/div>\n\t\t\t\t\t<\/div>\n\t\t<\/div>\n\t\t\t\t\t<\/div>\n\t\t<\/section>\n\t\t\t\t\t<\/div>\n\t\t<\/div>\n\t\t\t\t\t<\/div>\n\t\t<\/section>\n\t\t\t\t<\/div>\n\t\t","protected":false},"excerpt":{"rendered":"<p>Agenda Vous trouverez ci-dessous les activit\u00e9s organis\u00e9es tout au long de l&rsquo;ann\u00e9e, ainsi que les p\u00e9riodes de cong\u00e9s scolaires. Le calendrier est r\u00e9guli\u00e8rement mis \u00e0 jour.<\/p>\n","protected":false},"author":1,"featured_media":0,"parent":0,"menu_order":0,"comment_status":"closed","ping_status":"closed","template":"","meta":{"site-sidebar-layout":"no-sidebar","site-content-layout":"page-builder","ast-site-content-layout":"full-width-container","site-content-style":"unboxed","site-sidebar-style":"unboxed","ast-global-header-display":"","ast-banner-title-visibility":"","ast-main-header-display":"","ast-hfb-above-header-display":"","ast-hfb-below-header-display":"","ast-hfb-mobile-header-display":"","site-post-title":"disabled","ast-breadcrumbs-content":"","ast-featured-img":"disabled","footer-sml-layout":"","ast-disable-related-posts":"","theme-transparent-header-meta":"","adv-header-id-meta":"","stick-header-meta":"","header-above-stick-meta":"","header-main-stick-meta":"","header-below-stick-meta":"","astra-migrate-meta-layouts":"set","ast-page-background-enabled":"default","ast-page-background-meta":{"desktop":{"background-color":"var(--ast-global-color-4)","background-image":"","background-repeat":"repeat","background-position":"center center","background-size":"auto","background-attachment":"scroll","background-type":"","background-media":"","overlay-type":"","overlay-color":"","overlay-opacity":"","overlay-gradient":""},"tablet":{"background-color":"","background-image":"","background-repeat":"repeat","background-position":"center center","background-size":"auto","background-attachment":"scroll","background-type":"","background-media":"","overlay-type":"","overlay-color":"","overlay-opacity":"","overlay-gradient":""},"mobile":{"background-color":"","background-image":"","background-repeat":"repeat","background-position":"center center","background-size":"auto","background-attachment":"scroll","background-type":"","background-media":"","overlay-type":"","overlay-color":"","overlay-opacity":"","overlay-gradient":""}},"ast-content-background-meta":{"desktop":{"background-color":"var(--ast-global-color-5)","background-image":"","background-repeat":"repeat","background-position":"center center","background-size":"auto","background-attachment":"scroll","background-type":"","background-media":"","overlay-type":"","overlay-color":"","overlay-opacity":"","overlay-gradient":""},"tablet":{"background-color":"var(--ast-global-color-5)","background-image":"","background-repeat":"repeat","background-position":"center center","background-size":"auto","background-attachment":"scroll","background-type":"","background-media":"","overlay-type":"","overlay-color":"","overlay-opacity":"","overlay-gradient":""},"mobile":{"background-color":"var(--ast-global-color-5)","background-image":"","background-repeat":"repeat","background-position":"center center","background-size":"auto","background-attachment":"scroll","background-type":"","background-media":"","overlay-type":"","overlay-color":"","overlay-opacity":"","overlay-gradient":""}},"footnotes":""},"class_list":["post-47","page","type-page","status-publish","hentry"],"yoast_head":"<!-- This site is optimized with the Yoast SEO plugin v27.5 - https:\/\/yoast.com\/product\/yoast-seo-wordpress\/ -->\n<title>Agenda du Coll\u00e8ge Alix Le Clerc<\/title>\n<meta name=\"description\" content=\"Agenda du Coll\u00e8ge Alix Le Clerc donne toutes les informations sur la vie au coll\u00e8ge. Destin\u00e9 aux parents, \u00e9l\u00e8ves et professeurs.\" \/>\n<meta name=\"robots\" content=\"index, follow, max-snippet:-1, max-image-preview:large, max-video-preview:-1\" \/>\n<link rel=\"canonical\" href=\"https:\/\/www.collegetroisvallees.be\/alixleclerc\/agenda\/\" \/>\n<meta property=\"og:locale\" content=\"fr_FR\" \/>\n<meta property=\"og:type\" content=\"article\" \/>\n<meta property=\"og:title\" content=\"Coll\u00e8ge Alix Le Clerc\" \/>\n<meta property=\"og:description\" content=\"Situ\u00e9 \u00e0 La Hulpe en Brabant wallon, ce coll\u00e8ge familial propose du secondaire g\u00e9n\u00e9ral, technique et professionnel\" \/>\n<meta property=\"og:url\" content=\"https:\/\/www.collegetroisvallees.be\/alixleclerc\/agenda\/\" \/>\n<meta property=\"og:site_name\" content=\"Alix Le Clerc\" \/>\n<meta property=\"article:publisher\" content=\"https:\/\/www.facebook.com\/profile.php?id=100048287660729\" \/>\n<meta property=\"article:modified_time\" content=\"2025-02-07T13:42:58+00:00\" \/>\n<meta property=\"og:image\" content=\"https:\/\/www.collegetroisvallees.be\/alixleclerc\/wp-content\/uploads\/2022\/12\/logo1.png\" \/>\n\t<meta property=\"og:image:width\" content=\"800\" \/>\n\t<meta property=\"og:image:height\" content=\"333\" \/>\n\t<meta property=\"og:image:type\" content=\"image\/png\" \/>\n<meta name=\"twitter:card\" content=\"summary_large_image\" \/>\n<meta name=\"twitter:label1\" content=\"Dur\u00e9e de lecture estim\u00e9e\" \/>\n\t<meta name=\"twitter:data1\" content=\"1 minute\" \/>\n<script type=\"application\/ld+json\" class=\"yoast-schema-graph\">{\"@context\":\"https:\\\/\\\/schema.org\",\"@graph\":[{\"@type\":\"WebPage\",\"@id\":\"https:\\\/\\\/www.collegetroisvallees.be\\\/alixleclerc\\\/agenda\\\/\",\"url\":\"https:\\\/\\\/www.collegetroisvallees.be\\\/alixleclerc\\\/agenda\\\/\",\"name\":\"Agenda du Coll\u00e8ge Alix Le Clerc\",\"isPartOf\":{\"@id\":\"https:\\\/\\\/www.collegetroisvallees.be\\\/alixleclerc\\\/#website\"},\"datePublished\":\"2022-12-27T14:47:28+00:00\",\"dateModified\":\"2025-02-07T13:42:58+00:00\",\"description\":\"Agenda du Coll\u00e8ge Alix Le Clerc donne toutes les informations sur la vie au coll\u00e8ge. Destin\u00e9 aux parents, \u00e9l\u00e8ves et professeurs.\",\"breadcrumb\":{\"@id\":\"https:\\\/\\\/www.collegetroisvallees.be\\\/alixleclerc\\\/agenda\\\/#breadcrumb\"},\"inLanguage\":\"fr-FR\",\"potentialAction\":[{\"@type\":\"ReadAction\",\"target\":[\"https:\\\/\\\/www.collegetroisvallees.be\\\/alixleclerc\\\/agenda\\\/\"]}]},{\"@type\":\"BreadcrumbList\",\"@id\":\"https:\\\/\\\/www.collegetroisvallees.be\\\/alixleclerc\\\/agenda\\\/#breadcrumb\",\"itemListElement\":[{\"@type\":\"ListItem\",\"position\":1,\"name\":\"Accueil\",\"item\":\"https:\\\/\\\/www.collegetroisvallees.be\\\/alixleclerc\\\/\"},{\"@type\":\"ListItem\",\"position\":2,\"name\":\"Agenda\"}]},{\"@type\":\"WebSite\",\"@id\":\"https:\\\/\\\/www.collegetroisvallees.be\\\/alixleclerc\\\/#website\",\"url\":\"https:\\\/\\\/www.collegetroisvallees.be\\\/alixleclerc\\\/\",\"name\":\"Alix Le Clerc\",\"description\":\"\",\"publisher\":{\"@id\":\"https:\\\/\\\/www.collegetroisvallees.be\\\/alixleclerc\\\/#organization\"},\"potentialAction\":[{\"@type\":\"SearchAction\",\"target\":{\"@type\":\"EntryPoint\",\"urlTemplate\":\"https:\\\/\\\/www.collegetroisvallees.be\\\/alixleclerc\\\/?s={search_term_string}\"},\"query-input\":{\"@type\":\"PropertyValueSpecification\",\"valueRequired\":true,\"valueName\":\"search_term_string\"}}],\"inLanguage\":\"fr-FR\"},{\"@type\":\"Organization\",\"@id\":\"https:\\\/\\\/www.collegetroisvallees.be\\\/alixleclerc\\\/#organization\",\"name\":\"Coll\u00e8ge Notre-Dame des Anges\",\"url\":\"https:\\\/\\\/www.collegetroisvallees.be\\\/alixleclerc\\\/\",\"logo\":{\"@type\":\"ImageObject\",\"inLanguage\":\"fr-FR\",\"@id\":\"https:\\\/\\\/www.collegetroisvallees.be\\\/alixleclerc\\\/#\\\/schema\\\/logo\\\/image\\\/\",\"url\":\"https:\\\/\\\/www.collegetroisvallees.be\\\/alixleclerc\\\/wp-content\\\/uploads\\\/2023\\\/03\\\/cropped-Logo_CND3V.png\",\"contentUrl\":\"https:\\\/\\\/www.collegetroisvallees.be\\\/alixleclerc\\\/wp-content\\\/uploads\\\/2023\\\/03\\\/cropped-Logo_CND3V.png\",\"width\":800,\"height\":260,\"caption\":\"Coll\u00e8ge Notre-Dame des Anges\"},\"image\":{\"@id\":\"https:\\\/\\\/www.collegetroisvallees.be\\\/alixleclerc\\\/#\\\/schema\\\/logo\\\/image\\\/\"},\"sameAs\":[\"https:\\\/\\\/www.facebook.com\\\/profile.php?id=100048287660729\"]}]}<\/script>\n<!-- \/ Yoast SEO plugin. -->","yoast_head_json":{"title":"Agenda du Coll\u00e8ge Alix Le Clerc","description":"Agenda du Coll\u00e8ge Alix Le Clerc donne toutes les informations sur la vie au coll\u00e8ge. Destin\u00e9 aux parents, \u00e9l\u00e8ves et professeurs.","robots":{"index":"index","follow":"follow","max-snippet":"max-snippet:-1","max-image-preview":"max-image-preview:large","max-video-preview":"max-video-preview:-1"},"canonical":"https:\/\/www.collegetroisvallees.be\/alixleclerc\/agenda\/","og_locale":"fr_FR","og_type":"article","og_title":"Coll\u00e8ge Alix Le Clerc","og_description":"Situ\u00e9 \u00e0 La Hulpe en Brabant wallon, ce coll\u00e8ge familial propose du secondaire g\u00e9n\u00e9ral, technique et professionnel","og_url":"https:\/\/www.collegetroisvallees.be\/alixleclerc\/agenda\/","og_site_name":"Alix Le Clerc","article_publisher":"https:\/\/www.facebook.com\/profile.php?id=100048287660729","article_modified_time":"2025-02-07T13:42:58+00:00","og_image":[{"width":800,"height":333,"url":"https:\/\/www.collegetroisvallees.be\/alixleclerc\/wp-content\/uploads\/2022\/12\/logo1.png","type":"image\/png"}],"twitter_card":"summary_large_image","twitter_misc":{"Dur\u00e9e de lecture estim\u00e9e":"1 minute"},"schema":{"@context":"https:\/\/schema.org","@graph":[{"@type":"WebPage","@id":"https:\/\/www.collegetroisvallees.be\/alixleclerc\/agenda\/","url":"https:\/\/www.collegetroisvallees.be\/alixleclerc\/agenda\/","name":"Agenda du Coll\u00e8ge Alix Le Clerc","isPartOf":{"@id":"https:\/\/www.collegetroisvallees.be\/alixleclerc\/#website"},"datePublished":"2022-12-27T14:47:28+00:00","dateModified":"2025-02-07T13:42:58+00:00","description":"Agenda du Coll\u00e8ge Alix Le Clerc donne toutes les informations sur la vie au coll\u00e8ge. Destin\u00e9 aux parents, \u00e9l\u00e8ves et professeurs.","breadcrumb":{"@id":"https:\/\/www.collegetroisvallees.be\/alixleclerc\/agenda\/#breadcrumb"},"inLanguage":"fr-FR","potentialAction":[{"@type":"ReadAction","target":["https:\/\/www.collegetroisvallees.be\/alixleclerc\/agenda\/"]}]},{"@type":"BreadcrumbList","@id":"https:\/\/www.collegetroisvallees.be\/alixleclerc\/agenda\/#breadcrumb","itemListElement":[{"@type":"ListItem","position":1,"name":"Accueil","item":"https:\/\/www.collegetroisvallees.be\/alixleclerc\/"},{"@type":"ListItem","position":2,"name":"Agenda"}]},{"@type":"WebSite","@id":"https:\/\/www.collegetroisvallees.be\/alixleclerc\/#website","url":"https:\/\/www.collegetroisvallees.be\/alixleclerc\/","name":"Alix Le Clerc","description":"","publisher":{"@id":"https:\/\/www.collegetroisvallees.be\/alixleclerc\/#organization"},"potentialAction":[{"@type":"SearchAction","target":{"@type":"EntryPoint","urlTemplate":"https:\/\/www.collegetroisvallees.be\/alixleclerc\/?s={search_term_string}"},"query-input":{"@type":"PropertyValueSpecification","valueRequired":true,"valueName":"search_term_string"}}],"inLanguage":"fr-FR"},{"@type":"Organization","@id":"https:\/\/www.collegetroisvallees.be\/alixleclerc\/#organization","name":"Coll\u00e8ge Notre-Dame des Anges","url":"https:\/\/www.collegetroisvallees.be\/alixleclerc\/","logo":{"@type":"ImageObject","inLanguage":"fr-FR","@id":"https:\/\/www.collegetroisvallees.be\/alixleclerc\/#\/schema\/logo\/image\/","url":"https:\/\/www.collegetroisvallees.be\/alixleclerc\/wp-content\/uploads\/2023\/03\/cropped-Logo_CND3V.png","contentUrl":"https:\/\/www.collegetroisvallees.be\/alixleclerc\/wp-content\/uploads\/2023\/03\/cropped-Logo_CND3V.png","width":800,"height":260,"caption":"Coll\u00e8ge Notre-Dame des Anges"},"image":{"@id":"https:\/\/www.collegetroisvallees.be\/alixleclerc\/#\/schema\/logo\/image\/"},"sameAs":["https:\/\/www.facebook.com\/profile.php?id=100048287660729"]}]}},"_links":{"self":[{"href":"https:\/\/www.collegetroisvallees.be\/alixleclerc\/wp-json\/wp\/v2\/pages\/47","targetHints":{"allow":["GET"]}}],"collection":[{"href":"https:\/\/www.collegetroisvallees.be\/alixleclerc\/wp-json\/wp\/v2\/pages"}],"about":[{"href":"https:\/\/www.collegetroisvallees.be\/alixleclerc\/wp-json\/wp\/v2\/types\/page"}],"author":[{"embeddable":true,"href":"https:\/\/www.collegetroisvallees.be\/alixleclerc\/wp-json\/wp\/v2\/users\/1"}],"replies":[{"embeddable":true,"href":"https:\/\/www.collegetroisvallees.be\/alixleclerc\/wp-json\/wp\/v2\/comments?post=47"}],"version-history":[{"count":148,"href":"https:\/\/www.collegetroisvallees.be\/alixleclerc\/wp-json\/wp\/v2\/pages\/47\/revisions"}],"predecessor-version":[{"id":11906,"href":"https:\/\/www.collegetroisvallees.be\/alixleclerc\/wp-json\/wp\/v2\/pages\/47\/revisions\/11906"}],"wp:attachment":[{"href":"https:\/\/www.collegetroisvallees.be\/alixleclerc\/wp-json\/wp\/v2\/media?parent=47"}],"curies":[{"name":"wp","href":"https:\/\/api.w.org\/{rel}","templated":true}]}}